{"id":34,"date":"2021-05-14T11:56:55","date_gmt":"2021-05-14T09:56:55","guid":{"rendered":"http:\/\/deuxcloches.fr\/?page_id=34"},"modified":"2024-04-27T16:22:30","modified_gmt":"2024-04-27T14:22:30","slug":"le-gite","status":"publish","type":"page","link":"https:\/\/deuxcloches.fr\/","title":{"rendered":"Le g\u00eete"},"content":{"rendered":"\n<p>Le g\u00eete d&#8217;\u00e9tape des deux cloches se situe sur la place de l&#8217;\u00e9glise de Bugeat au c\u0153ur du plateau de Millevaches en Haute-Corr\u00e8ze.<\/p>\n\n\n\n<p><strong>A pied ou \u00e0 bicyclette<\/strong>, randonneurs vous \u00eates les bienvenus dans notre g\u00eete d&#8217;\u00e9tape !<\/p>\n\n\n\n<p>Bugeat est situ\u00e9 sur le GR440B, la voie de Rocamadour du chemin de Compostelle passe \u00e0 une dizaine de kilom\u00e8tres au village de Lacelle.<\/p>\n\n\n\n<p>Bugeat est une \u00e9tape de la v\u00e9loroute 87.<\/p>\n\n\n\n<p>De nombreuses randonn\u00e9es p\u00e9destres et VTT sont balis\u00e9es sur place, ainsi que des parcours permanents de trail.<\/p>\n\n\n\n<p>La situation est \u00e9galement id\u00e9ale pour les p\u00eacheurs ! (<a href=\"http:\/\/www.peche19.fr\" target=\"_blank\" rel=\"noreferrer noopener\">www.peche19.fr<\/a>)<\/p>\n\n\n\n<p>Ce g\u00eete de centre bourg peut accueillir jusqu&#8217;\u00e0 8 randonneurs.<\/p>\n\n\n\n<p>Il offre deux chambres de 4 couchages chacune, une salle d&#8217;eau, une cuisine et une salle commune \u00e9quip\u00e9e d&#8217;un po\u00eale \u00e0 granul\u00e9s.<\/p>\n\n\n\n<p>Le g\u00eete dispose \u00e9galement du Wifi et d&#8217;une t\u00e9l\u00e9vision.<\/p>\n\n\n\n<p>La cuisine est \u00e9quip\u00e9e d&#8217;une gazini\u00e8re avec four \u00e9lectrique, un frigo, un micro-ondes. Couverts, vaisselle et mat\u00e9riel de cuisson sont \u00e0 disposition. Un lave-linge est disponible dans le garage, au rez-de-chauss\u00e9e, ou vous pourrez \u00e9galement mettre vos v\u00e9los \u00e0 l&#8217;abri !<\/p>\n\n\n\n<p>Nous ne proposons pas de repas ou petit-d\u00e9jeuner mais tous les commerces sont \u00e0 proximit\u00e9 : boulangerie, sup\u00e9rette, restaurants, caf\u00e9&#8230;<\/p>\n\n\n\n<p>Des couvertures sont \u00e0 disposition mais les draps de dessus ne sont pas fournis, merci de vous munir de vos draps ou sacs de couchage ainsi que de vos serviettes de toilettes.<\/p>\n\n\n\n<p><\/p>\n\n\n\n<p>Tarif : 20\u20ac \/ nuit \/ personne (taxe de s\u00e9jour forfaitairement incluse)<\/p>\n\n\n\n<p>Mode de paiement : Ch\u00e8que ou esp\u00e8ces<\/p>\n\n\n\n<p><\/p>\n\n\n\n<p><\/p>\n\n\n\n<p><\/p>\n","protected":false},"excerpt":{"rendered":"<p>Le g\u00eete d&#8217;\u00e9tape des deux cloches se situe sur la place de l&#8217;\u00e9glise de Bugeat au c\u0153ur du plateau de&hellip;<\/p>\n","protected":false},"author":1,"featured_media":0,"parent":0,"menu_order":0,"comment_status":"closed","ping_status":"closed","template":"","meta":{"footnotes":""},"yoast_head":"<!-- This site is optimized with the Yoast SEO plugin v16.3 - https:\/\/yoast.com\/wordpress\/plugins\/seo\/ -->\n<title>Le g\u00eete - G\u00eete d&#039;\u00e9tape des deux cloches - Bugeat<\/title>\n<meta name=\"description\" content=\"gite \u00e9tape randonn\u00e9e nuit\u00e9e GR440 itin\u00e9rance Bugeat Plateau Millevaches Corr\u00e8ze v\u00e9loroute dormir randonneur rando tourisme Viam P\u00e9rols Razel\" \/>\n<meta name=\"robots\" content=\"index, follow, max-snippet:-1, max-image-preview:large, max-video-preview:-1\" \/>\n<link rel=\"canonical\" href=\"https:\/\/deuxcloches.fr\/\" \/>\n<meta property=\"og:locale\" content=\"en_US\" \/>\n<meta property=\"og:type\" content=\"article\" \/>\n<meta property=\"og:title\" content=\"Le g\u00eete - G\u00eete d&#039;\u00e9tape des deux cloches - Bugeat\" \/>\n<meta property=\"og:description\" content=\"gite \u00e9tape randonn\u00e9e nuit\u00e9e GR440 itin\u00e9rance Bugeat Plateau Millevaches Corr\u00e8ze v\u00e9loroute dormir randonneur rando tourisme Viam P\u00e9rols Razel\" \/>\n<meta property=\"og:url\" content=\"https:\/\/deuxcloches.fr\/\" \/>\n<meta property=\"og:site_name\" content=\"G\u00eete d&#039;\u00e9tape des deux cloches - Bugeat\" \/>\n<meta property=\"article:modified_time\" content=\"2024-04-27T14:22:30+00:00\" \/>\n<meta name=\"twitter:card\" content=\"summary_large_image\" \/>\n<meta name=\"twitter:label1\" content=\"Est. reading time\">\n\t<meta name=\"twitter:data1\" content=\"2 minutes\">\n<script type=\"application\/ld+json\" class=\"yoast-schema-graph\">{\"@context\":\"https:\/\/schema.org\",\"@graph\":[{\"@type\":\"WebSite\",\"@id\":\"https:\/\/deuxcloches.fr\/#website\",\"url\":\"https:\/\/deuxcloches.fr\/\",\"name\":\"G\\u00eete \\u00e9tape deux cloches Bugeat\",\"description\":\"\",\"potentialAction\":[{\"@type\":\"SearchAction\",\"target\":\"https:\/\/deuxcloches.fr\/?s={search_term_string}\",\"query-input\":\"required name=search_term_string\"}],\"inLanguage\":\"en-US\"},{\"@type\":\"WebPage\",\"@id\":\"https:\/\/deuxcloches.fr\/#webpage\",\"url\":\"https:\/\/deuxcloches.fr\/\",\"name\":\"Le g\\u00eete - G\\u00eete d&#039;\\u00e9tape des deux cloches - Bugeat\",\"isPartOf\":{\"@id\":\"https:\/\/deuxcloches.fr\/#website\"},\"datePublished\":\"2021-05-14T09:56:55+00:00\",\"dateModified\":\"2024-04-27T14:22:30+00:00\",\"description\":\"gite \\u00e9tape randonn\\u00e9e nuit\\u00e9e GR440 itin\\u00e9rance Bugeat Plateau Millevaches Corr\\u00e8ze v\\u00e9loroute dormir randonneur rando tourisme Viam P\\u00e9rols Razel\",\"breadcrumb\":{\"@id\":\"https:\/\/deuxcloches.fr\/#breadcrumb\"},\"inLanguage\":\"en-US\",\"potentialAction\":[{\"@type\":\"ReadAction\",\"target\":[\"https:\/\/deuxcloches.fr\/\"]}]},{\"@type\":\"BreadcrumbList\",\"@id\":\"https:\/\/deuxcloches.fr\/#breadcrumb\",\"itemListElement\":[{\"@type\":\"ListItem\",\"position\":1,\"item\":{\"@type\":\"WebPage\",\"@id\":\"https:\/\/deuxcloches.fr\/\",\"url\":\"https:\/\/deuxcloches.fr\/\",\"name\":\"Accueil\"}},{\"@type\":\"ListItem\",\"position\":2,\"item\":{\"@id\":\"https:\/\/deuxcloches.fr\/#webpage\"}}]}]}<\/script>\n<!-- \/ Yoast SEO plugin. -->","_links":{"self":[{"href":"https:\/\/deuxcloches.fr\/index.php?rest_route=\/wp\/v2\/pages\/34"}],"collection":[{"href":"https:\/\/deuxcloches.fr\/index.php?rest_route=\/wp\/v2\/pages"}],"about":[{"href":"https:\/\/deuxcloches.fr\/index.php?rest_route=\/wp\/v2\/types\/page"}],"author":[{"embeddable":true,"href":"https:\/\/deuxcloches.fr\/index.php?rest_route=\/wp\/v2\/users\/1"}],"replies":[{"embeddable":true,"href":"https:\/\/deuxcloches.fr\/index.php?rest_route=%2Fwp%2Fv2%2Fcomments&post=34"}],"version-history":[{"count":15,"href":"https:\/\/deuxcloches.fr\/index.php?rest_route=\/wp\/v2\/pages\/34\/revisions"}],"predecessor-version":[{"id":191,"href":"https:\/\/deuxcloches.fr\/index.php?rest_route=\/wp\/v2\/pages\/34\/revisions\/191"}],"wp:attachment":[{"href":"https:\/\/deuxcloches.fr\/index.php?rest_route=%2Fwp%2Fv2%2Fmedia&parent=34"}],"curies":[{"name":"wp","href":"https:\/\/api.w.org\/{rel}","templated":true}]}}